{"id":361,"date":"2024-08-24T07:03:10","date_gmt":"2024-08-24T07:03:10","guid":{"rendered":"https:\/\/fc10.fi\/?page_id=361"},"modified":"2026-02-13T17:24:55","modified_gmt":"2026-02-13T17:24:55","slug":"fc10","status":"publish","type":"page","link":"https:\/\/fc10.fi\/","title":{"rendered":"FUTSAL Etel\u00e4sarja Mestarit 2026 , P15 Etel\u00e4sarja Mestarit 2025, SM-Hopea 2025, Hopea Etel\u00e4 sarja 2024."},"content":{"rendered":"\n<p><\/p>\n\n\n\n<p><\/p>\n\n\n\n<p><\/p>\n\n\n\n<ul class=\"wp-block-social-links is-layout-flex wp-block-social-links-is-layout-flex\"><li class=\"wp-social-link wp-social-link-youtube  wp-block-social-link\"><a href=\"https:\/\/www.youtube.com\/@fc10helsinki\/streams\" class=\"wp-block-social-link-anchor\"><svg width=\"24\" height=\"24\" viewBox=\"0 0 24 24\" version=\"1.1\" xmlns=\"http:\/\/www.w3.org\/2000\/svg\" aria-hidden=\"true\" focusable=\"false\"><path d=\"M21.8,8.001c0,0-0.195-1.378-0.795-1.985c-0.76-0.797-1.613-0.801-2.004-0.847c-2.799-0.202-6.997-0.202-6.997-0.202 h-0.009c0,0-4.198,0-6.997,0.202C4.608,5.216,3.756,5.22,2.995,6.016C2.395,6.623,2.2,8.001,2.2,8.001S2,9.62,2,11.238v1.517 c0,1.618,0.2,3.237,0.2,3.237s0.195,1.378,0.795,1.985c0.761,0.797,1.76,0.771,2.205,0.855c1.6,0.153,6.8,0.201,6.8,0.201 s4.203-0.006,7.001-0.209c0.391-0.047,1.243-0.051,2.004-0.847c0.6-0.607,0.795-1.985,0.795-1.985s0.2-1.618,0.2-3.237v-1.517 C22,9.62,21.8,8.001,21.8,8.001z M9.935,14.594l-0.001-5.62l5.404,2.82L9.935,14.594z\"><\/path><\/svg><span class=\"wp-block-social-link-label screen-reader-text\">YouTube<\/span><\/a><\/li>\n\n<li class=\"wp-social-link wp-social-link-instagram  wp-block-social-link\"><a href=\"https:\/\/www.instagram.com\/fc10helsinki\/\" class=\"wp-block-social-link-anchor\"><svg width=\"24\" height=\"24\" viewBox=\"0 0 24 24\" version=\"1.1\" xmlns=\"http:\/\/www.w3.org\/2000\/svg\" aria-hidden=\"true\" focusable=\"false\"><path d=\"M12,4.622c2.403,0,2.688,0.009,3.637,0.052c0.877,0.04,1.354,0.187,1.671,0.31c0.42,0.163,0.72,0.358,1.035,0.673 c0.315,0.315,0.51,0.615,0.673,1.035c0.123,0.317,0.27,0.794,0.31,1.671c0.043,0.949,0.052,1.234,0.052,3.637 s-0.009,2.688-0.052,3.637c-0.04,0.877-0.187,1.354-0.31,1.671c-0.163,0.42-0.358,0.72-0.673,1.035 c-0.315,0.315-0.615,0.51-1.035,0.673c-0.317,0.123-0.794,0.27-1.671,0.31c-0.949,0.043-1.233,0.052-3.637,0.052 s-2.688-0.009-3.637-0.052c-0.877-0.04-1.354-0.187-1.671-0.31c-0.42-0.163-0.72-0.358-1.035-0.673 c-0.315-0.315-0.51-0.615-0.673-1.035c-0.123-0.317-0.27-0.794-0.31-1.671C4.631,14.688,4.622,14.403,4.622,12 s0.009-2.688,0.052-3.637c0.04-0.877,0.187-1.354,0.31-1.671c0.163-0.42,0.358-0.72,0.673-1.035 c0.315-0.315,0.615-0.51,1.035-0.673c0.317-0.123,0.794-0.27,1.671-0.31C9.312,4.631,9.597,4.622,12,4.622 M12,3 C9.556,3,9.249,3.01,8.289,3.054C7.331,3.098,6.677,3.25,6.105,3.472C5.513,3.702,5.011,4.01,4.511,4.511 c-0.5,0.5-0.808,1.002-1.038,1.594C3.25,6.677,3.098,7.331,3.054,8.289C3.01,9.249,3,9.556,3,12c0,2.444,0.01,2.751,0.054,3.711 c0.044,0.958,0.196,1.612,0.418,2.185c0.23,0.592,0.538,1.094,1.038,1.594c0.5,0.5,1.002,0.808,1.594,1.038 c0.572,0.222,1.227,0.375,2.185,0.418C9.249,20.99,9.556,21,12,21s2.751-0.01,3.711-0.054c0.958-0.044,1.612-0.196,2.185-0.418 c0.592-0.23,1.094-0.538,1.594-1.038c0.5-0.5,0.808-1.002,1.038-1.594c0.222-0.572,0.375-1.227,0.418-2.185 C20.99,14.751,21,14.444,21,12s-0.01-2.751-0.054-3.711c-0.044-0.958-0.196-1.612-0.418-2.185c-0.23-0.592-0.538-1.094-1.038-1.594 c-0.5-0.5-1.002-0.808-1.594-1.038c-0.572-0.222-1.227-0.375-2.185-0.418C14.751,3.01,14.444,3,12,3L12,3z M12,7.378 c-2.552,0-4.622,2.069-4.622,4.622S9.448,16.622,12,16.622s4.622-2.069,4.622-4.622S14.552,7.378,12,7.378z M12,15 c-1.657,0-3-1.343-3-3s1.343-3,3-3s3,1.343,3,3S13.657,15,12,15z M16.804,6.116c-0.596,0-1.08,0.484-1.08,1.08 s0.484,1.08,1.08,1.08c0.596,0,1.08-0.484,1.08-1.08S17.401,6.116,16.804,6.116z\"><\/path><\/svg><span class=\"wp-block-social-link-label screen-reader-text\">Instagram<\/span><\/a><\/li><\/ul>\n\n\n\n<p class=\"has-text-align-left has-black-color has-white-background-color has-text-color has-background has-link-color has-small-font-size wp-elements-d9fa1ca2067f3f8882191d2e768061d8\">FC 10 Helsinki on elokuussa 2023 perustettu futsalseura. Joukkue koostuu vuonna 2010 syntyneist\u00e4 pelaajista, mist\u00e4 juontuu my\u00f6s nimi FC 10 Helsinki. Pelaajamme edustavat eri jalkapalloseuroja p\u00e4\u00e4kaupunkiseudulla, kuten HJK, Gnistan, PPJ, Honka, K\u00e4Pa ja LPS. Ensimm\u00e4inen kausi 2023\/24 pelattiin Palloliiton Etel\u00e4 P14 Ykk\u00f6sess\u00e4, jossa saavutimme toisen sijan. Kaudella 2024\/25 pelaamme <a href=\"https:\/\/tulospalvelu.palloliitto.fi\/category\/FP161!etefs2526\/tables\" data-type=\"link\" data-id=\"https:\/\/tulospalvelu.palloliitto.fi\/category\/FP151!etefs2425\/tables\" target=\"_blank\" rel=\"noreferrer noopener\">P16 Ykk\u00f6st\u00e4<\/a>.<br>Harjoittelemme syyskuusta huhtikuuhun kerran viikossa Ruskeasuon liikuntahallissa.<br>Tavoitteenamme on kehitt\u00e4\u00e4 ja edist\u00e4\u00e4 futsalin toimintaa sek\u00e4 tarjota tavoitteellisille jalkapalloilijoille mahdollisuus kehitty\u00e4 my\u00f6s futsalissa jalkapallon ohessa.<br><br> <a href=\"https:\/\/calahan.kuvat.fi\/\" target=\"_blank\" rel=\"noreferrer noopener\">Photo by Calahan 2024 <\/a> &amp; <a href=\"https:\/\/www.instagram.com\/elnankuvat\/\">@elnankuvat<\/a><\/p>\n\n\n<div class=\"wp-block-image\">\n<figure class=\"aligncenter size-full is-resized\"><a href=\"https:\/\/gimmeyawallet.fi\/portfolio\/madventures\" target=\"_blank\" rel=\"noreferrer noopener\"><img fetchpriority=\"high\" decoding=\"async\" width=\"775\" height=\"137\" src=\"https:\/\/fc10.fi\/wp-content\/uploads\/2024\/06\/Madventures.png\" alt=\"\" class=\"wp-image-241\" style=\"width:840px;height:auto\" srcset=\"https:\/\/fc10.fi\/wp-content\/uploads\/2024\/06\/Madventures.png 775w, https:\/\/fc10.fi\/wp-content\/uploads\/2024\/06\/Madventures-300x53.png 300w, https:\/\/fc10.fi\/wp-content\/uploads\/2024\/06\/Madventures-768x136.png 768w\" sizes=\"(max-width: 775px) 100vw, 775px\" \/><\/a><\/figure>\n<\/div>\n\n\n<hr class=\"wp-block-separator has-alpha-channel-opacity\"\/>\n\n\n\n<div class=\"wp-block-columns is-layout-flex wp-container-core-columns-is-layout-9d6595d7 wp-block-columns-is-layout-flex\">\n<div class=\"wp-block-column is-vertically-aligned-center is-layout-flow wp-block-column-is-layout-flow\"><div class=\"wp-block-image\">\n<figure class=\"aligncenter size-full is-resized\"><a href=\"https:\/\/www.mehilainen.fi\/lasten-mehilainen\" target=\"_blank\" rel=\"noreferrer noopener\"><img decoding=\"async\" width=\"422\" height=\"114\" src=\"https:\/\/fc10.fi\/wp-content\/uploads\/2024\/08\/Mehila\u2560einen_logo_vaaka_cmyk-1.jpg\" alt=\"\" class=\"wp-image-413\" style=\"width:640px;height:auto\" srcset=\"https:\/\/fc10.fi\/wp-content\/uploads\/2024\/08\/Mehila\u2560einen_logo_vaaka_cmyk-1.jpg 422w, https:\/\/fc10.fi\/wp-content\/uploads\/2024\/08\/Mehila\u2560einen_logo_vaaka_cmyk-1-300x81.jpg 300w\" sizes=\"(max-width: 422px) 100vw, 422px\" \/><\/a><\/figure>\n<\/div>\n\n<div class=\"wp-block-image\">\n<figure class=\"aligncenter size-full is-resized\"><a href=\"https:\/\/www.k-ruoka.fi\/kauppa\/k-market-simonkallio\" target=\"_blank\" rel=\"noreferrer noopener\"><img decoding=\"async\" width=\"792\" height=\"612\" src=\"https:\/\/fc10.fi\/wp-content\/uploads\/2024\/09\/WhatsApp-Kuva-2024-09-10-klo-16.52.58_9247bb9e-2.jpg\" alt=\"\" class=\"wp-image-947\" style=\"width:476px;height:auto\" srcset=\"https:\/\/fc10.fi\/wp-content\/uploads\/2024\/09\/WhatsApp-Kuva-2024-09-10-klo-16.52.58_9247bb9e-2.jpg 792w, https:\/\/fc10.fi\/wp-content\/uploads\/2024\/09\/WhatsApp-Kuva-2024-09-10-klo-16.52.58_9247bb9e-2-300x232.jpg 300w, https:\/\/fc10.fi\/wp-content\/uploads\/2024\/09\/WhatsApp-Kuva-2024-09-10-klo-16.52.58_9247bb9e-2-768x593.jpg 768w\" sizes=\"(max-width: 792px) 100vw, 792px\" \/><\/a><\/figure>\n<\/div>\n\n\n<p><\/p>\n\n\n\n<p><\/p>\n<\/div>\n<\/div>\n\n\n<div class=\"wp-block-image\">\n<figure class=\"aligncenter size-full\"><img loading=\"lazy\" decoding=\"async\" width=\"516\" height=\"98\" src=\"https:\/\/fc10.fi\/wp-content\/uploads\/2024\/07\/MAGNIC-1.png\" alt=\"\" class=\"wp-image-307\" srcset=\"https:\/\/fc10.fi\/wp-content\/uploads\/2024\/07\/MAGNIC-1.png 516w, https:\/\/fc10.fi\/wp-content\/uploads\/2024\/07\/MAGNIC-1-300x57.png 300w\" sizes=\"(max-width: 516px) 100vw, 516px\" \/><\/figure>\n<\/div>\n\n\n<p class=\"has-black-color has-white-background-color has-text-color has-background has-link-color wp-elements-e003e9226e0472b70fa5b8e67181406d\"><br><\/p>\n","protected":false},"excerpt":{"rendered":"<p>FC 10 Helsinki on elokuussa 2023 perustettu futsalseura. Joukkue koostuu vuonna 2010 syntyneist\u00e4 pelaajista, mist\u00e4 juontuu my\u00f6s nimi FC 10 Helsinki. Pelaajamme edustavat eri jalkapalloseuroja p\u00e4\u00e4kaupunkiseudulla, kuten HJK, Gnistan, PPJ, Honka, K\u00e4Pa ja LPS. Ensimm\u00e4inen&hellip;<\/p>\n","protected":false},"author":1,"featured_media":0,"parent":0,"menu_order":0,"comment_status":"closed","ping_status":"closed","template":"","meta":{"footnotes":""},"class_list":["post-361","page","type-page","status-publish","hentry"],"_links":{"self":[{"href":"https:\/\/fc10.fi\/index.php?rest_route=\/wp\/v2\/pages\/361","targetHints":{"allow":["GET"]}}],"collection":[{"href":"https:\/\/fc10.fi\/index.php?rest_route=\/wp\/v2\/pages"}],"about":[{"href":"https:\/\/fc10.fi\/index.php?rest_route=\/wp\/v2\/types\/page"}],"author":[{"embeddable":true,"href":"https:\/\/fc10.fi\/index.php?rest_route=\/wp\/v2\/users\/1"}],"replies":[{"embeddable":true,"href":"https:\/\/fc10.fi\/index.php?rest_route=%2Fwp%2Fv2%2Fcomments&post=361"}],"version-history":[{"count":120,"href":"https:\/\/fc10.fi\/index.php?rest_route=\/wp\/v2\/pages\/361\/revisions"}],"predecessor-version":[{"id":1477,"href":"https:\/\/fc10.fi\/index.php?rest_route=\/wp\/v2\/pages\/361\/revisions\/1477"}],"wp:attachment":[{"href":"https:\/\/fc10.fi\/index.php?rest_route=%2Fwp%2Fv2%2Fmedia&parent=361"}],"curies":[{"name":"wp","href":"https:\/\/api.w.org\/{rel}","templated":true}]}}