{"id":1333,"date":"2025-04-28T09:04:28","date_gmt":"2025-04-28T09:04:28","guid":{"rendered":"https:\/\/fc10.fi\/?page_id=1333"},"modified":"2026-02-13T18:42:20","modified_gmt":"2026-02-13T18:42:20","slug":"news-uutiset","status":"publish","type":"page","link":"https:\/\/fc10.fi\/?page_id=1333","title":{"rendered":"NEWS UUTISET !"},"content":{"rendered":"\n<p><br>FUTSAL Etel\u00e4sarja Mestarit 2026 1.2.2026 <br><a href=\"https:\/\/tulospalvelu.palloliitto.fi\/category\/FP161!etefs2526\/results\">https:\/\/tulospalvelu.palloliitto.fi\/category\/FP161!etefs2526\/results<\/a><\/p>\n\n\n\n<figure class=\"wp-block-image size-full\"><img fetchpriority=\"high\" decoding=\"async\" width=\"976\" height=\"583\" src=\"https:\/\/fc10.fi\/wp-content\/uploads\/2026\/02\/Nayttokuva-2026-02-13-203645.jpg\" alt=\"\" class=\"wp-image-1479\" srcset=\"https:\/\/fc10.fi\/wp-content\/uploads\/2026\/02\/Nayttokuva-2026-02-13-203645.jpg 976w, https:\/\/fc10.fi\/wp-content\/uploads\/2026\/02\/Nayttokuva-2026-02-13-203645-300x179.jpg 300w, https:\/\/fc10.fi\/wp-content\/uploads\/2026\/02\/Nayttokuva-2026-02-13-203645-768x459.jpg 768w\" sizes=\"(max-width: 976px) 100vw, 976px\" \/><\/figure>\n\n\n\n<p><br><\/p>\n\n\n\n<p>13.1.2026<\/p>\n\n\n\n<p><a href=\"https:\/\/www.instagram.com\/fc10helsinki\/\">Instagram<\/a><\/p>\n\n\n\n<figure class=\"wp-block-image size-full is-resized is-style-default\"><a href=\"https:\/\/www.instagram.com\/fc10helsinki\/\"><img decoding=\"async\" width=\"1536\" height=\"2048\" src=\"https:\/\/fc10.fi\/wp-content\/uploads\/2026\/01\/WhatsApp-Image-2026-01-10-at-21.09.20.jpeg\" alt=\"\" class=\"wp-image-1461\" style=\"aspect-ratio:0.7499999781601308;width:422px;height:auto\" srcset=\"https:\/\/fc10.fi\/wp-content\/uploads\/2026\/01\/WhatsApp-Image-2026-01-10-at-21.09.20.jpeg 1536w, https:\/\/fc10.fi\/wp-content\/uploads\/2026\/01\/WhatsApp-Image-2026-01-10-at-21.09.20-225x300.jpeg 225w, https:\/\/fc10.fi\/wp-content\/uploads\/2026\/01\/WhatsApp-Image-2026-01-10-at-21.09.20-768x1024.jpeg 768w, https:\/\/fc10.fi\/wp-content\/uploads\/2026\/01\/WhatsApp-Image-2026-01-10-at-21.09.20-1152x1536.jpeg 1152w\" sizes=\"(max-width: 1536px) 100vw, 1536px\" \/><\/a><\/figure>\n\n\n\n<p>25.10.2025<br>Kausi starttasi, t\u00e4st\u00e4 seurantaan<br><a href=\"https:\/\/tulospalvelu.palloliitto.fi\/category\/FP161!etefs2526\/tables\">https:\/\/tulospalvelu.palloliitto.fi\/category\/FP161!etefs2526\/tables<\/a><\/p>\n\n\n\n<p>2024-2025 Kausi<\/p>\n\n\n\n<figure class=\"wp-block-image size-full is-resized is-style-default\"><img decoding=\"async\" width=\"2000\" height=\"1036\" src=\"https:\/\/fc10.fi\/wp-content\/uploads\/2025\/03\/cropped-L7A7905-1-scaled-1.jpg\" alt=\"\" class=\"wp-image-1107\" style=\"aspect-ratio:1.7777777777777777;object-fit:contain;width:584px;height:auto\" srcset=\"https:\/\/fc10.fi\/wp-content\/uploads\/2025\/03\/cropped-L7A7905-1-scaled-1.jpg 2000w, https:\/\/fc10.fi\/wp-content\/uploads\/2025\/03\/cropped-L7A7905-1-scaled-1-300x155.jpg 300w, https:\/\/fc10.fi\/wp-content\/uploads\/2025\/03\/cropped-L7A7905-1-scaled-1-1024x530.jpg 1024w, https:\/\/fc10.fi\/wp-content\/uploads\/2025\/03\/cropped-L7A7905-1-scaled-1-768x398.jpg 768w, https:\/\/fc10.fi\/wp-content\/uploads\/2025\/03\/cropped-L7A7905-1-scaled-1-1536x796.jpg 1536w\" sizes=\"(max-width: 2000px) 100vw, 2000px\" \/><\/figure>\n\n\n\n<p class=\"has-black-color has-text-color has-link-color has-medium-font-size wp-elements-4c8630020918b22396a1ff433bcd4c8a\">MVP (most valuable player) Kevin Jarju 2025 SM SARJA FUTSAL P15<\/p>\n\n\n\n<p>28.4.2025<br>Aku Kiiskinen, VJS (HJK) Fc10 Pelaaja Suomen jalkapallo maajoukkue rinkiin U15 Erikkill\u00e4<br><a href=\"https:\/\/www.palloliitto.fi\/ajankohtaista\/u15-pojat-nimetty-eerikkilan-turnaukseen\">https:\/\/www.palloliitto.fi\/ajankohtaista\/u15-pojat-nimetty-eerikkilan-turnaukseen<\/a><br>FC10 Onnittelee !<\/p>\n\n\n\n<figure class=\"wp-block-image size-large\"><img loading=\"lazy\" decoding=\"async\" width=\"1024\" height=\"683\" src=\"https:\/\/fc10.fi\/wp-content\/uploads\/2025\/03\/L7A5755-1024x683.jpg\" alt=\"\" class=\"wp-image-1089\" srcset=\"https:\/\/fc10.fi\/wp-content\/uploads\/2025\/03\/L7A5755-1024x683.jpg 1024w, https:\/\/fc10.fi\/wp-content\/uploads\/2025\/03\/L7A5755-300x200.jpg 300w, https:\/\/fc10.fi\/wp-content\/uploads\/2025\/03\/L7A5755-768x512.jpg 768w, https:\/\/fc10.fi\/wp-content\/uploads\/2025\/03\/L7A5755-1536x1024.jpg 1536w, https:\/\/fc10.fi\/wp-content\/uploads\/2025\/03\/L7A5755-2048x1365.jpg 2048w\" sizes=\"(max-width: 1024px) 100vw, 1024px\" \/><\/figure>\n\n\n\n<p><br><br>&#8212;&#8212;&#8212;&#8212;&#8212;&#8212;&#8212;&#8212;&#8212;&#8212;&#8212;&#8212;&#8212;&#8212;&#8212;&#8212;&#8212;&#8212;&#8212;&#8212;&#8212;&#8212;&#8212;&#8212;&#8212;&#8212;&#8212;&#8212;&#8212;&#8212;&#8212;&#8212;&#8212;&#8212;&#8212;&#8212;&#8212;&#8212;-<\/p>\n\n\n\n<figure class=\"wp-block-video\"><video height=\"972\" style=\"aspect-ratio: 1896 \/ 972;\" width=\"1896\" controls src=\"https:\/\/fc10.fi\/wp-content\/uploads\/2025\/04\/bandicam-2025-04-13-14-48-44-777.mp4\"><\/video><\/figure>\n\n\n\n<p>Maalintekij\u00e4 nr. 42 <a href=\"https:\/\/tulospalvelu.palloliitto.fi\/person\/335036\/info\">Rauhala Rasmus<\/a> HJK (Gnistan) (Kontu)<\/p>\n\n\n\n<p>3.4.2025<\/p>\n\n\n\n<p><br>P15 futsalin SM-lopputurnaus<br>Kauppi Sports Centeriss\u00e4 lauantain ohjelmassa olivat alkulohkot. Molemmista niist\u00e4 muodostui lopulta todella tasainen &#8211; mik\u00e4\u00e4n joukkue ei j\u00e4\u00e4nyt nollille, eik\u00e4 mik\u00e4\u00e4n joukkue voittanut kaikkia alkulohkopelej\u00e4\u00e4n.<\/p>\n\n\n\n<p>Lopulta v\u00e4lier\u00e4joukkueet eli molempien lohkojen kaksi parasta kuitenkin selvisiv\u00e4t. A-lohkon k\u00e4rkeen kiilasi Sodankyl\u00e4n Pallo &#8211; toiseksi tasapistein helsinkil\u00e4inen PK-35. B-lohkossakin p\u00e4\u00e4dyttiin k\u00e4rjess\u00e4 tasapisteisiin. Ykk\u00f6seksi ylsi Holstin Dynamo Jyv\u00e4skyl\u00e4st\u00e4 ja toiseksi FC10 Helsingist\u00e4.<\/p>\n\n\n\n<figure class=\"wp-block-image size-large\"><img loading=\"lazy\" decoding=\"async\" width=\"1024\" height=\"566\" src=\"https:\/\/fc10.fi\/wp-content\/uploads\/2025\/04\/Sieppaa-1024x566.jpg\" alt=\"\" class=\"wp-image-1171\" srcset=\"https:\/\/fc10.fi\/wp-content\/uploads\/2025\/04\/Sieppaa-1024x566.jpg 1024w, https:\/\/fc10.fi\/wp-content\/uploads\/2025\/04\/Sieppaa-300x166.jpg 300w, https:\/\/fc10.fi\/wp-content\/uploads\/2025\/04\/Sieppaa-768x424.jpg 768w, https:\/\/fc10.fi\/wp-content\/uploads\/2025\/04\/Sieppaa.jpg 1106w\" sizes=\"(max-width: 1024px) 100vw, 1024px\" \/><\/figure>\n\n\n\n<p>Hopeaa: FC10.Kuva: Elna Rikkinen<\/p>\n\n\n\n<p class=\"has-black-color has-text-color\">2024-2025 Kausi<br>1 <a href=\"https:\/\/tulospalvelu.palloliitto.fi\/person\/266538\/info\">Stenholm Pauli<\/a> MV<br>4 <a href=\"https:\/\/tulospalvelu.palloliitto.fi\/person\/376300\/info\">Langhoff Vincent<\/a><br>5 <a href=\"https:\/\/tulospalvelu.palloliitto.fi\/person\/423897\/info\">S\u00e4rkipaju Peetu<\/a><br>6 <a href=\"https:\/\/tulospalvelu.palloliitto.fi\/person\/361879\/info\">Henriksen Morris<\/a><br>7 <a href=\"https:\/\/tulospalvelu.palloliitto.fi\/person\/325015\/info\">Koponen Kaarlo<\/a><br>9 <a href=\"https:\/\/tulospalvelu.palloliitto.fi\/person\/265493\/info\">Oliveira Nikolas<\/a><br>10 <a href=\"https:\/\/tulospalvelu.palloliitto.fi\/person\/255090\/info\">Jarju Kevin<\/a><br>11 <a href=\"https:\/\/tulospalvelu.palloliitto.fi\/person\/348346\/info\">Aku Kiiskinen<\/a> <br>16 <a href=\"https:\/\/tulospalvelu.palloliitto.fi\/person\/343320\/info\">Rantala Okko<\/a><br>19 <a href=\"https:\/\/tulospalvelu.palloliitto.fi\/person\/311209\/info\">Karki Robi<\/a><br>23 <a href=\"https:\/\/tulospalvelu.palloliitto.fi\/person\/479994\/info\">Yaqub Salih<\/a><br>27 <a href=\"https:\/\/tulospalvelu.palloliitto.fi\/person\/382197\/info\">Runne Joel<\/a><br>29 <a href=\"https:\/\/tulospalvelu.palloliitto.fi\/person\/433721\/info\">Adewoyin Khalil<\/a><br>42 <a href=\"https:\/\/tulospalvelu.palloliitto.fi\/person\/335036\/info\">Rauhala Rasmus<\/a><br>88 <a href=\"https:\/\/tulospalvelu.palloliitto.fi\/person\/321860\/info\">Orre Adam<\/a><br>99 <a href=\"https:\/\/tulospalvelu.palloliitto.fi\/person\/315743\/info315743\" target=\"_blank\" rel=\"noreferrer noopener\">Gunaydin Ege<\/a> MV<br><br>Sunnuntaina vuorossa olivat sijoitusottelut kaikille kahdeksalle joukkueelle. Ylemm\u00e4t jatkopelit k\u00e4ynnistyiv\u00e4t v\u00e4lierill\u00e4, joista molemmista muodostui tuloksellisesti selv\u00e4. FC10 pudotti SoPan pronssiotteluun <strong>Vincent Langhoffin<\/strong> (2+1) johdolla lukemin 6-1. HoDy teki saman PK-35:n kustannuksella <strong>Kabengele Damasin<\/strong> (3+1) heiluttaessa tahtipuikkoja jyv\u00e4skyl\u00e4l\u00e4isten 7-1 -voitossa.<\/p>\n\n\n\n<p>Pronssiottelun vei niukasti nimiins\u00e4 PK-35, joka kaatoi SoPan maalein 2-1.<\/p>\n\n\n\n<p>Finaalista muodostui j\u00e4nnitysn\u00e4ytelm\u00e4. FC10 karkasi HoDya vastaan jo 3-1 -johtoon, mutta jyv\u00e4skyl\u00e4l\u00e4iset eiv\u00e4t luovuttaneet. <strong>Veikka Jokilahti<\/strong> (2+1) johdatti HoDyn tasoihin, ja mestaruusmaalin sai kunnian iske\u00e4 pelin lopussa <strong>Lukas Pihlajamaa<\/strong>. N\u00e4in HoDylle finaalin voitto lukemin 3-4 (2-1)<\/p>\n\n\n\n<figure class=\"wp-block-image size-large\"><img loading=\"lazy\" decoding=\"async\" width=\"1024\" height=\"675\" src=\"https:\/\/fc10.fi\/wp-content\/uploads\/2025\/04\/Sieppaa2-1024x675.jpg\" alt=\"\" class=\"wp-image-1173\" srcset=\"https:\/\/fc10.fi\/wp-content\/uploads\/2025\/04\/Sieppaa2-1024x675.jpg 1024w, https:\/\/fc10.fi\/wp-content\/uploads\/2025\/04\/Sieppaa2-300x198.jpg 300w, https:\/\/fc10.fi\/wp-content\/uploads\/2025\/04\/Sieppaa2-768x506.jpg 768w, https:\/\/fc10.fi\/wp-content\/uploads\/2025\/04\/Sieppaa2.jpg 1085w\" sizes=\"(max-width: 1024px) 100vw, 1024px\" \/><\/figure>\n\n\n\n<p>Hopeaa: FC10.Kuva: Elna Rikkinen<\/p>\n\n\n\n<p><strong>P15 SM-lopputurnauksen lopulliset sijoitukset:<\/strong><\/p>\n\n\n\n<ol class=\"wp-block-list\">\n<li><strong>Holstin Dynamo (Jyv\u00e4skyl\u00e4)<\/strong><\/li>\n\n\n\n<li><strong>FC10 (Helsinki)<\/strong><\/li>\n\n\n\n<li><strong>PK-35 (Helsinki)<\/strong><\/li>\n\n\n\n<li><strong>Sodankyl\u00e4n Pallo<\/strong><\/li>\n\n\n\n<li><strong>Tarmo YJ (K\u00e4lvi\u00e4)<\/strong><\/li>\n\n\n\n<li><strong>PPJ 2011 (Helsinki)<\/strong><\/li>\n\n\n\n<li><strong>Nokian Palloseura<\/strong><\/li>\n\n\n\n<li><strong>Tampereen Pallo-Veikot<\/strong><\/li>\n<\/ol>\n\n\n\n<figure class=\"wp-block-image size-full\"><img loading=\"lazy\" decoding=\"async\" width=\"978\" height=\"546\" src=\"https:\/\/fc10.fi\/wp-content\/uploads\/2025\/04\/Sieppaa55.jpg\" alt=\"\" class=\"wp-image-1175\" srcset=\"https:\/\/fc10.fi\/wp-content\/uploads\/2025\/04\/Sieppaa55.jpg 978w, https:\/\/fc10.fi\/wp-content\/uploads\/2025\/04\/Sieppaa55-300x167.jpg 300w, https:\/\/fc10.fi\/wp-content\/uploads\/2025\/04\/Sieppaa55-768x429.jpg 768w\" sizes=\"(max-width: 978px) 100vw, 978px\" \/><\/figure>\n\n\n\n<p>Hopeaa: FC10.Kuva: Elna Rikkinen<\/p>\n","protected":false},"excerpt":{"rendered":"<p>FUTSAL Etel\u00e4sarja Mestarit 2026 1.2.2026 https:\/\/tulospalvelu.palloliitto.fi\/category\/FP161!etefs2526\/results 13.1.2026 Instagram 25.10.2025Kausi starttasi, t\u00e4st\u00e4 seurantaanhttps:\/\/tulospalvelu.palloliitto.fi\/category\/FP161!etefs2526\/tables 2024-2025 Kausi MVP (most valuable player) Kevin Jarju 2025 SM SARJA FUTSAL P15 28.4.2025Aku Kiiskinen, VJS (HJK) Fc10 Pelaaja Suomen jalkapallo maajoukkue rinkiin&hellip;<\/p>\n","protected":false},"author":1,"featured_media":0,"parent":0,"menu_order":0,"comment_status":"closed","ping_status":"closed","template":"template-parts\/template-no-sidebar.php","meta":{"footnotes":""},"class_list":["post-1333","page","type-page","status-publish","hentry"],"_links":{"self":[{"href":"https:\/\/fc10.fi\/index.php?rest_route=\/wp\/v2\/pages\/1333","targetHints":{"allow":["GET"]}}],"collection":[{"href":"https:\/\/fc10.fi\/index.php?rest_route=\/wp\/v2\/pages"}],"about":[{"href":"https:\/\/fc10.fi\/index.php?rest_route=\/wp\/v2\/types\/page"}],"author":[{"embeddable":true,"href":"https:\/\/fc10.fi\/index.php?rest_route=\/wp\/v2\/users\/1"}],"replies":[{"embeddable":true,"href":"https:\/\/fc10.fi\/index.php?rest_route=%2Fwp%2Fv2%2Fcomments&post=1333"}],"version-history":[{"count":15,"href":"https:\/\/fc10.fi\/index.php?rest_route=\/wp\/v2\/pages\/1333\/revisions"}],"predecessor-version":[{"id":1485,"href":"https:\/\/fc10.fi\/index.php?rest_route=\/wp\/v2\/pages\/1333\/revisions\/1485"}],"wp:attachment":[{"href":"https:\/\/fc10.fi\/index.php?rest_route=%2Fwp%2Fv2%2Fmedia&parent=1333"}],"curies":[{"name":"wp","href":"https:\/\/api.w.org\/{rel}","templated":true}]}}